{"id":1464,"date":"2015-11-10T07:25:18","date_gmt":"2015-11-10T07:25:18","guid":{"rendered":"http:\/\/demo.vegatheme.com\/wealth\/?page_id=1464"},"modified":"2023-11-13T18:58:53","modified_gmt":"2023-11-13T18:58:53","slug":"handyman-responsive","status":"publish","type":"page","link":"https:\/\/expertosendeudas.cl\/","title":{"rendered":"Home"},"content":{"rendered":"<p>[vc_row css=&#8221;.vc_custom_1557207852646{padding-top: 185px !important;padding-bottom: 107px !important;background-image: url(https:\/\/expertosendeudas.cl\/wp-content\/uploads\/2019\/05\/home2.jpg?id=2684) !important;background-position: center !important;background-repeat: no-repeat !important;background-size: cover !important;}&#8221; el_id=&#8221;home&#8221;][vc_column width=&#8221;1\/2&#8243;][vc_custom_heading text=&#8221;Soluciona tu problema con expertosendeudas.cl&#8221; font_container=&#8221;tag:h1|font_size:44px|text_align:left|color:%23ffffff|line_height:54px&#8221; google_fonts=&#8221;font_family:Cabin%3Aregular%2Citalic%2C500%2C500italic%2C600%2C600italic%2C700%2C700italic|font_style:700%20bold%20regular%3A700%3Anormal&#8221; css=&#8221;.vc_custom_1699901172555{margin-top: 0px !important;margin-bottom: 20px !important;}&#8221;][vc_video link=&#8221;https:\/\/www.youtube.com\/watch?v=eXEYT2AO1q0&amp;feature=youtu.be&#8221;][\/vc_column][vc_column width=&#8221;1\/2&#8243; offset=&#8221;vc_col-lg-offset-1 vc_col-lg-5&#8243;][vc_empty_space height=&#8221;0px&#8221; el_id=&#8221;agendar&#8221;]\n<div class=\"wpcf7 no-js\" id=\"wpcf7-f1466-o1\" lang=\"en-US\" dir=\"ltr\" data-wpcf7-id=\"1466\">\n<div class=\"screen-reader-response\"><p role=\"status\" aria-live=\"polite\" aria-atomic=\"true\"><\/p> <ul><\/ul><\/div>\n<form action=\"\/index.php\/wp-json\/wp\/v2\/pages\/1464#wpcf7-f1466-o1\" method=\"post\" class=\"wpcf7-form init\" aria-label=\"Contact form\" novalidate=\"novalidate\" data-status=\"init\">\n<div style=\"display: none;\">\n<input type=\"hidden\" name=\"_wpcf7\" value=\"1466\" \/>\n<input type=\"hidden\" name=\"_wpcf7_version\" value=\"6.0.3\" \/>\n<input type=\"hidden\" name=\"_wpcf7_locale\" value=\"en_US\" \/>\n<input type=\"hidden\" name=\"_wpcf7_unit_tag\" value=\"wpcf7-f1466-o1\" \/>\n<input type=\"hidden\" name=\"_wpcf7_container_post\" value=\"0\" \/>\n<input type=\"hidden\" name=\"_wpcf7_posted_data_hash\" value=\"\" \/>\n<input type=\"hidden\" name=\"_wpcf7_recaptcha_response\" value=\"\" \/>\n<\/div>\n<div class=\"form-box-handyman\">\n\t<h1>AGENDAR CONSULTA GRATIS\n\t<\/h1>\n\t<div class=\"form-group-handyman\">\n\t\t<p><span class=\"wpcf7-form-control-wrap\" data-name=\"nombre\"><input size=\"40\" maxlength=\"400\" class=\"wpcf7-form-control wpcf7-text wpcf7-validates-as-required form-control-handyman\" id=\"name\" aria-required=\"true\" aria-invalid=\"false\" placeholder=\"Nombre y apellido\" value=\"\" type=\"text\" name=\"nombre\" \/><\/span>\n\t\t<\/p>\n\t<\/div>\n\t<div class=\"form-group-handyman\">\n\t\t<p><span class=\"wpcf7-form-control-wrap\" data-name=\"email\"><input size=\"40\" maxlength=\"400\" class=\"wpcf7-form-control wpcf7-email wpcf7-validates-as-required wpcf7-text wpcf7-validates-as-email form-control-handyman\" id=\"email\" aria-required=\"true\" aria-invalid=\"false\" placeholder=\"Email\" value=\"\" type=\"email\" name=\"email\" \/><\/span>\n\t\t<\/p>\n\t<\/div>\n\t<div class=\"form-group-handyman\">\n\t\t<p><span class=\"wpcf7-form-control-wrap\" data-name=\"telefono\"><input size=\"40\" maxlength=\"400\" class=\"wpcf7-form-control wpcf7-tel wpcf7-validates-as-required wpcf7-text wpcf7-validates-as-tel form-control-handyman\" id=\"phone\" aria-required=\"true\" aria-invalid=\"false\" placeholder=\"Tel\u00e9fono\" value=\"\" type=\"tel\" name=\"telefono\" \/><\/span>\n\t\t<\/p>\n\t<\/div>\n\t<div class=\"form-group-handyman\">\n\t\t<p><span class=\"wpcf7-form-control-wrap\" data-name=\"comuna\"><input size=\"40\" maxlength=\"400\" class=\"wpcf7-form-control wpcf7-text wpcf7-validates-as-required form-control-handyman\" id=\"comuna\" aria-required=\"true\" aria-invalid=\"false\" placeholder=\"Comuna\" value=\"\" type=\"text\" name=\"comuna\" \/><\/span>\n\t\t<\/p>\n\t<\/div>\n\t<div class=\"form-group-handyman\">\n\t\t<p><span class=\"wpcf7-form-control-wrap\" data-name=\"mensaje-form\"><textarea cols=\"40\" rows=\"10\" maxlength=\"2000\" class=\"wpcf7-form-control wpcf7-textarea wpcf7-validates-as-required\" aria-required=\"true\" aria-invalid=\"false\" name=\"mensaje-form\"><\/textarea><\/span>\n\t\t<\/p>\n\t<\/div>\n\t<div class=\"form-group-handyman\">\n\t\t<p><input class=\"wpcf7-form-control wpcf7-submit has-spinner btn lp-btn-default-handyman\" id=\"submit\" type=\"submit\" value=\"AGENDAR\" \/>\n\t\t<\/p>\n\t<\/div>\n<\/div><div class=\"wpcf7-response-output\" aria-hidden=\"true\"><\/div>\n<\/form>\n<\/div>\n[\/vc_column][\/vc_row][vc_row][vc_column][vc_empty_space][vc_row_inner][vc_column_inner][vc_custom_heading text=&#8221;Servicios&#8221; font_container=&#8221;tag:h4|font_size:36px|text_align:center|color:%23191919&#8243; google_fonts=&#8221;font_family:Cabin%3Aregular%2Citalic%2C500%2C500italic%2C600%2C600italic%2C700%2C700italic|font_style:700%20bold%20regular%3A700%3Anormal&#8221;][\/vc_column_inner][\/vc_row_inner][vc_row_inner el_id=&#8221;servicios&#8221;][vc_column_inner width=&#8221;1\/3&#8243;][vc_single_image image=&#8221;1508&#8243; img_size=&#8221;full&#8221; alignment=&#8221;center&#8221; style=&#8221;vc_box_border_circle_2&#8243; css=&#8221;.vc_custom_1449562318235{margin-bottom: 60px !important;}&#8221;][vc_custom_heading text=&#8221;LEY DE QUIEBRA&#8221; font_container=&#8221;tag:h2|font_size:28px|text_align:center|color:%233a3735|line_height:1.1&#8243; google_fonts=&#8221;font_family:Cabin%3Aregular%2Citalic%2C500%2C500italic%2C600%2C600italic%2C700%2C700italic|font_style:700%20bold%20regular%3A700%3Anormal&#8221; css=&#8221;.vc_custom_1577992183354{margin-top: 0px !important;margin-bottom: 20px !important;}&#8221;][vc_column_text el_class=&#8221;lead-handyman&#8221; css=&#8221;.vc_custom_1577992139380{margin-top: 0px !important;margin-bottom: 30px !important;}&#8221;]<\/p>\n<p style=\"text-align: center;\">Asesoramos en torno a la Ley 20.720 tanto para empresas como para personas.<\/p>\n<p>[\/vc_column_text][\/vc_column_inner][vc_column_inner width=&#8221;1\/3&#8243;][vc_single_image image=&#8221;1518&#8243; img_size=&#8221;full&#8221; alignment=&#8221;center&#8221; style=&#8221;vc_box_border_circle_2&#8243; css=&#8221;.vc_custom_1447214606882{margin-bottom: 60px !important;}&#8221;][vc_custom_heading text=&#8221;DEFENSA JUDICIAL&#8221; font_container=&#8221;tag:h2|font_size:28px|text_align:center|color:%233a3735|line_height:1.1&#8243; google_fonts=&#8221;font_family:Cabin%3Aregular%2Citalic%2C500%2C500italic%2C600%2C600italic%2C700%2C700italic|font_style:700%20bold%20regular%3A700%3Anormal&#8221; css=&#8221;.vc_custom_1577992202672{margin-top: 0px !important;margin-bottom: 20px !important;}&#8221;][vc_column_text el_class=&#8221;lead-handyman&#8221; css=&#8221;.vc_custom_1577992227697{margin-top: 0px !important;margin-bottom: 30px !important;}&#8221;]<\/p>\n<p style=\"text-align: center;\">Lo asesoramos y defendemos ante embargos, notificaciones, protegiendo los bienes que puedan verse afectados ante un procedimiento judicial.<\/p>\n<p>[\/vc_column_text][\/vc_column_inner][vc_column_inner width=&#8221;1\/3&#8243;][vc_single_image image=&#8221;1519&#8243; img_size=&#8221;full&#8221; alignment=&#8221;center&#8221; style=&#8221;vc_box_border_circle_2&#8243; css=&#8221;.vc_custom_1447214614312{margin-bottom: 60px !important;}&#8221;][vc_custom_heading text=&#8221;ASESOR\u00cdA A PERSONAS Y EMPRESAS&#8221; font_container=&#8221;tag:h2|font_size:28px|text_align:center|color:%233a3735|line_height:1.1&#8243; google_fonts=&#8221;font_family:Cabin%3Aregular%2Citalic%2C500%2C500italic%2C600%2C600italic%2C700%2C700italic|font_style:700%20bold%20regular%3A700%3Anormal&#8221; css=&#8221;.vc_custom_1577992267890{margin-top: 0px !important;margin-bottom: 20px !important;}&#8221;][vc_column_text el_class=&#8221;lead-handyman&#8221; css=&#8221;.vc_custom_1577992291878{margin-top: 0px !important;margin-bottom: 30px !important;}&#8221;]<\/p>\n<p style=\"text-align: center;\">Como expertos sabemos de la asimetr\u00eda en la informaci\u00f3n que existe, de manera que, ayudamos a resolver dudas de econom\u00eda personal y empresarial.<\/p>\n<p>[\/vc_column_text][\/vc_column_inner][\/vc_row_inner][vc_empty_space][\/vc_column][\/vc_row][vc_row el_id=&#8221;prensa&#8221;][vc_column][vc_custom_heading text=&#8221;Prensa&#8221; font_container=&#8221;tag:h4|font_size:36px|text_align:center|color:%23191919&#8243; google_fonts=&#8221;font_family:Cabin%3Aregular%2Citalic%2C500%2C500italic%2C600%2C600italic%2C700%2C700italic|font_style:700%20bold%20regular%3A700%3Anormal&#8221;][\/vc_column][\/vc_row][vc_row][vc_column width=&#8221;1\/2&#8243;][vc_video link=&#8221;https:\/\/youtu.be\/K3zKJ64GT9w&#8221; css=&#8221;.vc_custom_1577979868569{margin-right: 32px !important;margin-left: 32px !important;}&#8221;][vc_video link=&#8221;https:\/\/youtu.be\/X6xkO-sOKyw&#8221; css=&#8221;.vc_custom_1577982396978{margin-right: 32px !important;margin-left: 32px !important;}&#8221;][\/vc_column][vc_column width=&#8221;1\/2&#8243;][vc_video link=&#8221;https:\/\/youtu.be\/17O2M2AtHbA&#8221; css=&#8221;.vc_custom_1577979858098{margin-right: 32px !important;margin-left: 32px !important;}&#8221;][vc_video link=&#8221;https:\/\/youtu.be\/dEF3i5rAVpI&#8221; css=&#8221;.vc_custom_1577982196514{margin-right: 32px !important;margin-left: 32px !important;}&#8221;][\/vc_column][\/vc_row][vc_row css=&#8221;.vc_custom_1447232278532{padding-top: 80px !important;padding-bottom: 80px !important;}&#8221;][vc_column][vc_custom_heading text=&#8221;AGENDA CONSULTA GRATIS&#8221; font_container=&#8221;tag:h1|font_size:36px|text_align:center|color:%23191919|line_height:1.1&#8243; google_fonts=&#8221;font_family:Cabin%3Aregular%2Citalic%2C500%2C500italic%2C600%2C600italic%2C700%2C700italic|font_style:700%20bold%20regular%3A700%3Anormal&#8221; css=&#8221;.vc_custom_1557209221706{margin-top: 0px !important;margin-bottom: 20px !important;}&#8221;][\/vc_column][vc_column containerclass=&#8221;center&#8221;]\t\t\t\n\t\n\t\n\t\t<a class=\"page-scroll vc_custom_1557263475804\" style=\"font-weight: 700;color: #ffffff;font-size: 18px;\" href=\"#agendar\" title=\"AGENDAR\" target=\"_self\">AGENDAR<\/a>\t\n\t\n\t[vc_empty_space][vc_separator][vc_custom_heading text=&#8221;Nuestra informaci\u00f3n&#8221; font_container=&#8221;tag:h4|font_size:36px|text_align:center|color:%23191919|line_height:1.1&#8243; google_fonts=&#8221;font_family:Cabin%3Aregular%2Citalic%2C500%2C500italic%2C600%2C600italic%2C700%2C700italic|font_style:700%20bold%20regular%3A700%3Anormal&#8221; css=&#8221;.vc_custom_1699901616620{margin-top: 50px !important;margin-bottom: 40px !important;}&#8221; el_id=&#8221;informacion&#8221;][vc_row_inner equal_height=&#8221;yes&#8221; content_placement=&#8221;middle&#8221;][vc_column_inner width=&#8221;1\/3&#8243;][vc_single_image image=&#8221;2606&#8243; img_size=&#8221;full&#8221; css=&#8221;.vc_custom_1556912598489{margin-bottom: 30px !important;}&#8221;][vc_custom_heading text=&#8221;Benjam\u00edn Jord\u00e1n Liniers&#8221; font_container=&#8221;tag:h2|font_size:24px|text_align:left|color:%23191919|line_height:1.1&#8243; google_fonts=&#8221;font_family:Cabin%3Aregular%2Citalic%2C500%2C500italic%2C600%2C600italic%2C700%2C700italic|font_style:400%20regular%3A400%3Anormal&#8221; css=&#8221;.vc_custom_1556912550143{margin-top: 0px !important;margin-bottom: 10px !important;}&#8221;][vc_custom_heading text=&#8221;Abogado&#8221; font_container=&#8221;tag:p|font_size:16px|text_align:left|color:%2300013d|line_height:1.1&#8243; google_fonts=&#8221;font_family:Cabin%3Aregular%2Citalic%2C500%2C500italic%2C600%2C600italic%2C700%2C700italic|font_style:400%20regular%3A400%3Anormal&#8221; css=&#8221;.vc_custom_1557206431572{margin-top: 0px !important;margin-bottom: 0px !important;}&#8221;][\/vc_column_inner][vc_column_inner width=&#8221;2\/3&#8243;][vc_column_text]<\/p>\n<p style=\"text-align: left;\">Raz\u00f3n Social: Red de Expertos SpA<\/p>\n<p style=\"text-align: left;\">Rol \u00danico Tributario o Rol \u00danico Nacional: 77.157.704-0<\/p>\n<p style=\"text-align: left;\">Domicilio legal: Ahumada 312 oficina 715. Comuna de Santiago, Regi\u00f3n Metropolitana.<\/p>\n<p style=\"text-align: left;\">Direcci\u00f3n de correo electr\u00f3nico, n\u00famero de tel\u00e9fono u otro medio de contacto: Tel\u00e9fono: +56934352613 \/ Correo electr\u00f3nico: <a href=\"mailto:administracion@expertosendeudas.cl\" target=\"_blank\" rel=\"noopener\">administracion@<wbr \/>expertosendeudas.cl<\/a><\/p>\n<p style=\"text-align: left;\">Medio de contacto con los clientes: Tel\u00e9fono +56934352613 \/ correo <a href=\"mailto:administracion@expertosendeudas.cl\" target=\"_blank\" rel=\"noopener\">administracion@<wbr \/>expertosendeudas.cl<\/a><\/p>\n<p style=\"text-align: left;\">Representante legal: Benjam\u00edn Alberto Jord\u00e1n Liniers, C\u00e9dula de Identidad 16.322.427-5<\/p>\n<p>[\/vc_column_text][vc_gmaps link=&#8221;#E-8_JTNDaWZyYW1lJTIwc3JjJTNEJTIyaHR0cHMlM0ElMkYlMkZ3d3cuZ29vZ2xlLmNvbSUyRm1hcHMlMkZlbWJlZCUzRnBiJTNEJTIxMW0xOCUyMTFtMTIlMjExbTMlMjExZDMzMjkuMzgyMDMwNzY4MDcxJTIxMmQtNzAuNjUzNzgwNjI0MzI4MzglMjEzZC0zMy40MzkzNTIwOTY5NDM4NSUyMTJtMyUyMTFmMCUyMTJmMCUyMTNmMCUyMTNtMiUyMTFpMTAyNCUyMTJpNzY4JTIxNGYxMy4xJTIxM20zJTIxMW0yJTIxMXMweDk2NjJjNWU5YWZlOWE4ZTElMjUzQTB4ZGVhMTRlYjNmNjI5ODEwMiUyMTJzUGFzZW8lMjUyMEFodW1hZGElMjUyMDMxMiUyNTJDJTI1MjA4MzIwMTg1JTI1MjBTYW50aWFnbyUyNTJDJTI1MjBSZWdpJTI1QzMlMjVCM24lMjUyME1ldHJvcG9saXRhbmElMjE1ZTAlMjEzbTIlMjExc2VzJTIxMnNjbCUyMTR2MTY5OTkwMTg0NjI2MiUyMTVtMiUyMTFzZXMlMjEyc2NsJTIyJTIwd2lkdGglM0QlMjI0MDAlMjIlMjBoZWlnaHQlM0QlMjIzMDAlMjIlMjBmcmFtZWJvcmRlciUzRCUyMjAlMjIlMjBzdHlsZSUzRCUyMmJvcmRlciUzQTAlM0IlMjIlMjBhbGxvd2Z1bGxzY3JlZW4lM0QlMjIlMjIlM0UlM0MlMkZpZnJhbWUlM0U=&#8221;][\/vc_column_inner][\/vc_row_inner][\/vc_column][\/vc_row]<\/p>\n","protected":false},"excerpt":{"rendered":"<p>[vc_row css=&#8221;.vc_custom_1557207852646{padding-top: 185px !important;padding-bottom: 107px !important;background-image: url(https:\/\/expertosendeudas.cl\/wp-content\/uploads\/2019\/05\/home2.jpg?id=2684) !important;background-position: center !important;background-repeat: no-repeat !important;background-size: cover !important;}&#8221; el_id=&#8221;home&#8221;][vc_column width=&#8221;1\/2&#8243;][vc_custom_heading text=&#8221;Soluciona tu problema con expertosendeudas.cl&#8221; font_container=&#8221;tag:h1|font_size:44px|text_align:left|color:%23ffffff|line_height:54px&#8221; google_fonts=&#8221;font_family:Cabin%3Aregular%2Citalic%2C500%2C500italic%2C600%2C600italic%2C700%2C700italic|font_style:700%20bold%20regular%3A700%3Anormal&#8221; css=&#8221;.vc_custom_1699901172555{margin-top: 0px !important;margin-bottom: 20px !important;}&#8221;][vc_video link=&#8221;https:\/\/www.youtube.com\/watch?v=eXEYT2AO1q0&amp;feature=youtu.be&#8221;][\/vc_column][vc_column width=&#8221;1\/2&#8243; offset=&#8221;vc_col-lg-offset-1 vc_col-lg-5&#8243;][vc_empty_space height=&#8221;0px&#8221; el_id=&#8221;agendar&#8221;][\/vc_column][\/vc_row][vc_row][vc_column][vc_empty_space][vc_row_inner][vc_column_inner][vc_custom_heading text=&#8221;Servicios&#8221; font_container=&#8221;tag:h4|font_size:36px|text_align:center|color:%23191919&#8243; google_fonts=&#8221;font_family:Cabin%3Aregular%2Citalic%2C500%2C500italic%2C600%2C600italic%2C700%2C700italic|font_style:700%20bold%20regular%3A700%3Anormal&#8221;][\/vc_column_inner][\/vc_row_inner][vc_row_inner el_id=&#8221;servicios&#8221;][vc_column_inner width=&#8221;1\/3&#8243;][vc_single_image image=&#8221;1508&#8243; img_size=&#8221;full&#8221; alignment=&#8221;center&#8221; style=&#8221;vc_box_border_circle_2&#8243; css=&#8221;.vc_custom_1449562318235{margin-bottom: 60px !important;}&#8221;][vc_custom_heading text=&#8221;LEY DE QUIEBRA&#8221; font_container=&#8221;tag:h2|font_size:28px|text_align:center|color:%233a3735|line_height:1.1&#8243; google_fonts=&#8221;font_family:Cabin%3Aregular%2Citalic%2C500%2C500italic%2C600%2C600italic%2C700%2C700italic|font_style:700%20bold%20regular%3A700%3Anormal&#8221; css=&#8221;.vc_custom_1577992183354{margin-top: 0px !important;margin-bottom: 20px [&hellip;]<\/p>\n","protected":false},"author":3,"featured_media":0,"parent":0,"menu_order":0,"comment_status":"closed","ping_status":"closed","template":"page-templates\/template-canvas.php","meta":{"footnotes":""},"class_list":["post-1464","page","type-page","status-publish","hentry"],"_links":{"self":[{"href":"https:\/\/expertosendeudas.cl\/index.php\/wp-json\/wp\/v2\/pages\/1464","targetHints":{"allow":["GET"]}}],"collection":[{"href":"https:\/\/expertosendeudas.cl\/index.php\/wp-json\/wp\/v2\/pages"}],"about":[{"href":"https:\/\/expertosendeudas.cl\/index.php\/wp-json\/wp\/v2\/types\/page"}],"author":[{"embeddable":true,"href":"https:\/\/expertosendeudas.cl\/index.php\/wp-json\/wp\/v2\/users\/3"}],"replies":[{"embeddable":true,"href":"https:\/\/expertosendeudas.cl\/index.php\/wp-json\/wp\/v2\/comments?post=1464"}],"version-history":[{"count":112,"href":"https:\/\/expertosendeudas.cl\/index.php\/wp-json\/wp\/v2\/pages\/1464\/revisions"}],"predecessor-version":[{"id":2774,"href":"https:\/\/expertosendeudas.cl\/index.php\/wp-json\/wp\/v2\/pages\/1464\/revisions\/2774"}],"wp:attachment":[{"href":"https:\/\/expertosendeudas.cl\/index.php\/wp-json\/wp\/v2\/media?parent=1464"}],"curies":[{"name":"wp","href":"https:\/\/api.w.org\/{rel}","templated":true}]}}